{"id":1982,"date":"2019-08-07T12:19:09","date_gmt":"2019-08-07T10:19:09","guid":{"rendered":"https:\/\/www.zallabai.net\/?page_id=1982"},"modified":"2023-10-23T18:50:22","modified_gmt":"2023-10-23T16:50:22","slug":"monica-encinillas","status":"publish","type":"page","link":"https:\/\/www.zallabai.net\/eu_eu\/grupo-municipal\/monica-encinillas\/","title":{"rendered":"M\u00f3nica Encinillas"},"content":{"rendered":"<div id=\"pl-gb1982-69d70d59688a8\"  class=\"panel-layout\" ><div id=\"pg-gb1982-69d70d59688a8-0\"  class=\"panel-grid panel-no-style\" ><div id=\"pgc-gb1982-69d70d59688a8-0-0\"  class=\"panel-grid-cell panel-grid-cell-empty\" ><\/div><div id=\"pgc-gb1982-69d70d59688a8-0-1\"  class=\"panel-grid-cell panel-grid-cell-mobile-last\" ><div id=\"panel-gb1982-69d70d59688a8-0-1-0\" class=\"so-panel widget widget_sow-editor panel-first-child panel-last-child\" data-index=\"0\" ><div\n\t\t\t\n\t\t\tclass=\"so-widget-sow-editor so-widget-sow-editor-base\"\n\t\t\t\n\t\t>\n<div class=\"siteorigin-widget-tinymce textwidget\">\n\t<p style=\"text-align: center;\"><span style=\"color: #2b5597; font-size: 36pt;\"><strong><span style=\"font-family: avant-garde-medium;\">MONICA<\/span><span style=\"font-family: avant-garde-extralig;\">\u00a0ENCINILLAS GAR<\/span><\/strong><\/span><span style=\"color: #2b5597; font-size: 36pt;\"><strong><span style=\"font-family: avant-garde-extralig;\">CIA<\/span><\/strong><\/span><\/p>\n<\/div>\n<\/div><\/div><\/div><div id=\"pgc-gb1982-69d70d59688a8-0-2\"  class=\"panel-grid-cell panel-grid-cell-empty\" ><\/div><\/div><div id=\"pg-gb1982-69d70d59688a8-1\"  class=\"panel-grid panel-no-style\" ><div id=\"pgc-gb1982-69d70d59688a8-1-0\"  class=\"panel-grid-cell panel-grid-cell-empty\" ><\/div><div id=\"pgc-gb1982-69d70d59688a8-1-1\"  class=\"panel-grid-cell\" ><div id=\"panel-gb1982-69d70d59688a8-1-1-0\" class=\"so-panel widget widget_sow-editor panel-first-child panel-last-child\" data-index=\"1\" ><div\n\t\t\t\n\t\t\tclass=\"so-widget-sow-editor so-widget-sow-editor-base\"\n\t\t\t\n\t\t>\n<div class=\"siteorigin-widget-tinymce textwidget\">\n\t<ul>\n<li style=\"text-align: left;\"><span style=\"font-family: avant-garde-medium; color: #2b5597;\"><strong>Informazio pertsonala:<\/strong><\/span><\/li>\n<li><span style=\"font-family: avant-garde-book;\">\u00b7 Graduada en Periodismo por la UPV\/EHU (especialidad Direcci\u00f3n en Comunicaci\u00f3n) y M\u00e1ster en Comunicaci\u00f3n Social tambi\u00e9n en la UPV\/EHU<\/span><\/li>\n<li><span style=\"font-family: avant-garde-book;\">\u00b7 Periodista<\/span><\/li>\n<\/ul>\n<p>&nbsp;<\/p>\n<ul>\n<li><span style=\"font-family: avant-garde-medium; color: #2b5597;\"><strong>Kontaktuan jartzeko informazioa:<\/strong><\/span><\/li>\n<li><span style=\"color: #008996;\"><span style=\"color: #696969;\">\u00b7<\/span> <a style=\"color: #008996;\" href=\"mailto:monica.encinillas@zalla.eus\" target=\"_blank\" rel=\"noopener\">monica.encinillas@zalla.eus<\/a><\/span><\/li>\n<\/ul>\n<p>&nbsp;<\/p>\n<ul>\n<li><span style=\"color: #2b5597;\"><strong><span style=\"font-family: avant-garde-medium;\">Erantzukizun instituzionalak:<\/span><\/strong><\/span><\/li>\n<li><span style=\"font-family: avant-garde-book;\"><strong>\u00b7 Segunda Teniente de Alcalde<\/strong><\/span><\/li>\n<li><span style=\"font-family: avant-garde-book;\">\u00b7 Zalla Bai Udal Taldeko zinegotzia Zallako Udalean.<\/span><\/li>\n<li>\u00b7 Responsable del \u00c1rea Ciudadan\u00eda.<\/li>\n<li><span style=\"font-family: avant-garde-book;\">\u00b7 Portavoz del Grupo Municipal Zalla Bai en el Ayuntamiento de Zalla.<\/span><\/li>\n<li><span style=\"font-family: avant-garde-book;\">\u00b7 \u00c1reas delegadas:<\/span><\/li>\n<li><span style=\"font-family: avant-garde-book;\">\u00a0 &#8211; Igualdad<\/span><\/li>\n<li><span style=\"font-family: avant-garde-book;\">\u00a0 &#8211; Juventud<\/span><\/li>\n<li><span style=\"font-family: avant-garde-book;\">\u00a0 &#8211; Comunicaci\u00f3n<\/span><\/li>\n<li><span style=\"font-family: avant-garde-book;\">\u00a0 &#8211; Paticipaci\u00f3n ciudadana y Transparencia<\/span><\/li>\n<li><span style=\"font-family: avant-garde-book;\">\u00b7 Integrante en:<\/span><\/li>\n<li><span style=\"font-family: avant-garde-book;\">\u00a0 \u2013 Comisi\u00f3n Informativa de Ciudadan\u00eda<\/span><\/li>\n<li><span style=\"font-family: avant-garde-book;\">\u00a0 \u2013 Comisi\u00f3n Informativa de Organizaci\u00f3n<\/span><\/li>\n<li><span style=\"font-family: avant-garde-book;\">\u00a0 \u2013 Residencia Zallajo Eguzki Egoitza<\/span><\/li>\n<li><span style=\"font-family: avant-garde-book;\">\u00a0 \u2013 Enkarterri Berri Zerbitzuak (EBZ)<\/span><\/li>\n<li><span style=\"font-family: avant-garde-book;\">\u00a0 \u2013 Mancomunidad de Municipios de Enkarterri<\/span><\/li>\n<\/ul>\n<\/div>\n<\/div><\/div><\/div><div id=\"pgc-gb1982-69d70d59688a8-1-2\"  class=\"panel-grid-cell panel-grid-cell-mobile-last\" ><div id=\"panel-gb1982-69d70d59688a8-1-2-0\" class=\"so-panel widget widget_sow-image panel-first-child\" data-index=\"2\" ><div\n\t\t\t\n\t\t\tclass=\"so-widget-sow-image so-widget-sow-image-default-113ccd71f3e6-1982\"\n\t\t\t\n\t\t>\n<div class=\"sow-image-container\">\n\t\t<img \n\tsrc=\"https:\/\/www.zallabai.net\/wp-content\/uploads\/2023\/05\/monica2.png\" width=\"2819\" height=\"4046\" srcset=\"https:\/\/www.zallabai.net\/wp-content\/uploads\/2023\/05\/monica2.png 2819w, https:\/\/www.zallabai.net\/wp-content\/uploads\/2023\/05\/monica2-209x300.png 209w, https:\/\/www.zallabai.net\/wp-content\/uploads\/2023\/05\/monica2-713x1024.png 713w, https:\/\/www.zallabai.net\/wp-content\/uploads\/2023\/05\/monica2-768x1102.png 768w, https:\/\/www.zallabai.net\/wp-content\/uploads\/2023\/05\/monica2-1070x1536.png 1070w, https:\/\/www.zallabai.net\/wp-content\/uploads\/2023\/05\/monica2-1427x2048.png 1427w, https:\/\/www.zallabai.net\/wp-content\/uploads\/2023\/05\/monica2-8x12.png 8w\" sizes=\"(max-width: 2819px) 100vw, 2819px\" alt=\"\" \t\tclass=\"so-widget-image\"\/>\n\t<\/div>\n\n<\/div><\/div><div id=\"panel-gb1982-69d70d59688a8-1-2-1\" class=\"so-panel widget widget_media_image panel-last-child\" data-index=\"3\" ><img loading=\"lazy\" decoding=\"async\" width=\"300\" height=\"51\" src=\"https:\/\/www.zallabai.net\/wp-content\/uploads\/2019\/08\/logo_encuestas-copia-300x51.png\" class=\"image wp-image-1962  attachment-medium size-medium\" alt=\"\" style=\"max-width: 100%; height: auto;\" srcset=\"https:\/\/www.zallabai.net\/wp-content\/uploads\/2019\/08\/logo_encuestas-copia-300x51.png 300w, https:\/\/www.zallabai.net\/wp-content\/uploads\/2019\/08\/logo_encuestas-copia.png 598w\" sizes=\"(max-width: 300px) 100vw, 300px\" \/><\/div><\/div><div id=\"pgc-gb1982-69d70d59688a8-1-3\"  class=\"panel-grid-cell panel-grid-cell-empty\" ><\/div><\/div><\/div>","protected":false},"excerpt":{"rendered":"<p>MONICA\u00a0ENCINILLAS GARCIA Informaci\u00f3n personal: \u00b7 Graduada en Periodismo por la UPV\/EHU (especialidad Direcci\u00f3n en Comunicaci\u00f3n) y M\u00e1ster en Comunicaci\u00f3n Social [&hellip;]<\/p>\n","protected":false},"author":1,"featured_media":0,"parent":1912,"menu_order":0,"comment_status":"closed","ping_status":"closed","template":"","meta":{"_exactmetrics_skip_tracking":false,"_exactmetrics_sitenote_active":false,"_exactmetrics_sitenote_note":"","_exactmetrics_sitenote_category":0,"footnotes":""},"yoast_head":"<!-- This site is optimized with the Yoast SEO plugin v24.5 - https:\/\/yoast.com\/wordpress\/plugins\/seo\/ -->\n<title>Zalla Bai - M\u00f3nica Encinillas<\/title>\n<meta name=\"robots\" content=\"index, follow, max-snippet:-1, max-image-preview:large, max-video-preview:-1\" \/>\n<link rel=\"canonical\" href=\"https:\/\/www.zallabai.net\/eu_eu\/grupo-municipal\/monica-encinillas\/\" \/>\n<meta property=\"og:locale\" content=\"en_US\" \/>\n<meta property=\"og:type\" content=\"article\" \/>\n<meta property=\"og:title\" content=\"Zalla Bai - M\u00f3nica Encinillas\" \/>\n<meta property=\"og:description\" content=\"MONICA\u00a0ENCINILLAS GARCIA Informaci\u00f3n personal: \u00b7 Graduada en Periodismo por la UPV\/EHU (especialidad Direcci\u00f3n en Comunicaci\u00f3n) y M\u00e1ster en Comunicaci\u00f3n Social [&hellip;]\" \/>\n<meta property=\"og:url\" content=\"https:\/\/www.zallabai.net\/eu_eu\/grupo-municipal\/monica-encinillas\/\" \/>\n<meta property=\"og:site_name\" content=\"Zalla Bai\" \/>\n<meta property=\"article:publisher\" content=\"https:\/\/www.facebook.com\/zalla.bai\" \/>\n<meta property=\"article:modified_time\" content=\"2023-10-23T16:50:22+00:00\" \/>\n<meta property=\"og:image\" content=\"https:\/\/www.zallabai.net\/wp-content\/uploads\/2023\/05\/monica2.png\" \/>\n<meta name=\"twitter:card\" content=\"summary_large_image\" \/>\n<meta name=\"twitter:site\" content=\"@zallabai\" \/>\n<meta name=\"twitter:label1\" content=\"Est. reading time\" \/>\n\t<meta name=\"twitter:data1\" content=\"1 minutua\" \/>\n<script type=\"application\/ld+json\" class=\"yoast-schema-graph\">{\"@context\":\"https:\/\/schema.org\",\"@graph\":[{\"@type\":\"WebPage\",\"@id\":\"https:\/\/www.zallabai.net\/grupo-municipal\/monica-encinillas\/\",\"url\":\"https:\/\/www.zallabai.net\/grupo-municipal\/monica-encinillas\/\",\"name\":\"Zalla Bai - M\u00f3nica Encinillas\",\"isPartOf\":{\"@id\":\"https:\/\/www.zallabai.net\/#website\"},\"primaryImageOfPage\":{\"@id\":\"https:\/\/www.zallabai.net\/grupo-municipal\/monica-encinillas\/#primaryimage\"},\"image\":{\"@id\":\"https:\/\/www.zallabai.net\/grupo-municipal\/monica-encinillas\/#primaryimage\"},\"thumbnailUrl\":\"https:\/\/www.zallabai.net\/wp-content\/uploads\/2023\/05\/monica2.png\",\"datePublished\":\"2019-08-07T10:19:09+00:00\",\"dateModified\":\"2023-10-23T16:50:22+00:00\",\"breadcrumb\":{\"@id\":\"https:\/\/www.zallabai.net\/grupo-municipal\/monica-encinillas\/#breadcrumb\"},\"inLanguage\":\"eu\",\"potentialAction\":[{\"@type\":\"ReadAction\",\"target\":[\"https:\/\/www.zallabai.net\/grupo-municipal\/monica-encinillas\/\"]}]},{\"@type\":\"ImageObject\",\"inLanguage\":\"eu\",\"@id\":\"https:\/\/www.zallabai.net\/grupo-municipal\/monica-encinillas\/#primaryimage\",\"url\":\"https:\/\/www.zallabai.net\/wp-content\/uploads\/2023\/05\/monica2.png\",\"contentUrl\":\"https:\/\/www.zallabai.net\/wp-content\/uploads\/2023\/05\/monica2.png\"},{\"@type\":\"BreadcrumbList\",\"@id\":\"https:\/\/www.zallabai.net\/grupo-municipal\/monica-encinillas\/#breadcrumb\",\"itemListElement\":[{\"@type\":\"ListItem\",\"position\":1,\"name\":\"Portada\",\"item\":\"https:\/\/www.zallabai.net\/\"},{\"@type\":\"ListItem\",\"position\":2,\"name\":\"Grupo Municipal\",\"item\":\"https:\/\/www.zallabai.net\/grupo-municipal\/\"},{\"@type\":\"ListItem\",\"position\":3,\"name\":\"M\u00f3nica Encinillas\"}]},{\"@type\":\"WebSite\",\"@id\":\"https:\/\/www.zallabai.net\/#website\",\"url\":\"https:\/\/www.zallabai.net\/\",\"name\":\"Zalla Bai\",\"description\":\"\",\"publisher\":{\"@id\":\"https:\/\/www.zallabai.net\/#organization\"},\"potentialAction\":[{\"@type\":\"SearchAction\",\"target\":{\"@type\":\"EntryPoint\",\"urlTemplate\":\"https:\/\/www.zallabai.net\/?s={search_term_string}\"},\"query-input\":{\"@type\":\"PropertyValueSpecification\",\"valueRequired\":true,\"valueName\":\"search_term_string\"}}],\"inLanguage\":\"eu\"},{\"@type\":\"Organization\",\"@id\":\"https:\/\/www.zallabai.net\/#organization\",\"name\":\"Zalla Bai\",\"url\":\"https:\/\/www.zallabai.net\/\",\"logo\":{\"@type\":\"ImageObject\",\"inLanguage\":\"eu\",\"@id\":\"https:\/\/www.zallabai.net\/#\/schema\/logo\/image\/\",\"url\":\"https:\/\/www.zallabai.net\/wp-content\/uploads\/2019\/02\/cropped-logo-blog2-1-1.png\",\"contentUrl\":\"https:\/\/www.zallabai.net\/wp-content\/uploads\/2019\/02\/cropped-logo-blog2-1-1.png\",\"width\":200,\"height\":56,\"caption\":\"Zalla Bai\"},\"image\":{\"@id\":\"https:\/\/www.zallabai.net\/#\/schema\/logo\/image\/\"},\"sameAs\":[\"https:\/\/www.facebook.com\/zalla.bai\",\"https:\/\/x.com\/zallabai\",\"https:\/\/www.instagram.com\/zallabai\/\",\"https:\/\/www.youtube.com\/channel\/UCuil7llKvOhvalYaJ1A_w7w\"]}]}<\/script>\n<!-- \/ Yoast SEO plugin. -->","yoast_head_json":{"title":"Zalla Bai - M\u00f3nica Encinillas","robots":{"index":"index","follow":"follow","max-snippet":"max-snippet:-1","max-image-preview":"max-image-preview:large","max-video-preview":"max-video-preview:-1"},"canonical":"https:\/\/www.zallabai.net\/eu_eu\/grupo-municipal\/monica-encinillas\/","og_locale":"en_US","og_type":"article","og_title":"Zalla Bai - M\u00f3nica Encinillas","og_description":"MONICA\u00a0ENCINILLAS GARCIA Informaci\u00f3n personal: \u00b7 Graduada en Periodismo por la UPV\/EHU (especialidad Direcci\u00f3n en Comunicaci\u00f3n) y M\u00e1ster en Comunicaci\u00f3n Social [&hellip;]","og_url":"https:\/\/www.zallabai.net\/eu_eu\/grupo-municipal\/monica-encinillas\/","og_site_name":"Zalla Bai","article_publisher":"https:\/\/www.facebook.com\/zalla.bai","article_modified_time":"2023-10-23T16:50:22+00:00","og_image":[{"url":"https:\/\/www.zallabai.net\/wp-content\/uploads\/2023\/05\/monica2.png","type":"","width":"","height":""}],"twitter_card":"summary_large_image","twitter_site":"@zallabai","twitter_misc":{"Est. reading time":"1 minutua"},"schema":{"@context":"https:\/\/schema.org","@graph":[{"@type":"WebPage","@id":"https:\/\/www.zallabai.net\/grupo-municipal\/monica-encinillas\/","url":"https:\/\/www.zallabai.net\/grupo-municipal\/monica-encinillas\/","name":"Zalla Bai - M\u00f3nica Encinillas","isPartOf":{"@id":"https:\/\/www.zallabai.net\/#website"},"primaryImageOfPage":{"@id":"https:\/\/www.zallabai.net\/grupo-municipal\/monica-encinillas\/#primaryimage"},"image":{"@id":"https:\/\/www.zallabai.net\/grupo-municipal\/monica-encinillas\/#primaryimage"},"thumbnailUrl":"https:\/\/www.zallabai.net\/wp-content\/uploads\/2023\/05\/monica2.png","datePublished":"2019-08-07T10:19:09+00:00","dateModified":"2023-10-23T16:50:22+00:00","breadcrumb":{"@id":"https:\/\/www.zallabai.net\/grupo-municipal\/monica-encinillas\/#breadcrumb"},"inLanguage":"eu","potentialAction":[{"@type":"ReadAction","target":["https:\/\/www.zallabai.net\/grupo-municipal\/monica-encinillas\/"]}]},{"@type":"ImageObject","inLanguage":"eu","@id":"https:\/\/www.zallabai.net\/grupo-municipal\/monica-encinillas\/#primaryimage","url":"https:\/\/www.zallabai.net\/wp-content\/uploads\/2023\/05\/monica2.png","contentUrl":"https:\/\/www.zallabai.net\/wp-content\/uploads\/2023\/05\/monica2.png"},{"@type":"BreadcrumbList","@id":"https:\/\/www.zallabai.net\/grupo-municipal\/monica-encinillas\/#breadcrumb","itemListElement":[{"@type":"ListItem","position":1,"name":"Portada","item":"https:\/\/www.zallabai.net\/"},{"@type":"ListItem","position":2,"name":"Grupo Municipal","item":"https:\/\/www.zallabai.net\/grupo-municipal\/"},{"@type":"ListItem","position":3,"name":"M\u00f3nica Encinillas"}]},{"@type":"WebSite","@id":"https:\/\/www.zallabai.net\/#website","url":"https:\/\/www.zallabai.net\/","name":"Zalla Bai","description":"","publisher":{"@id":"https:\/\/www.zallabai.net\/#organization"},"potentialAction":[{"@type":"SearchAction","target":{"@type":"EntryPoint","urlTemplate":"https:\/\/www.zallabai.net\/?s={search_term_string}"},"query-input":{"@type":"PropertyValueSpecification","valueRequired":true,"valueName":"search_term_string"}}],"inLanguage":"eu"},{"@type":"Organization","@id":"https:\/\/www.zallabai.net\/#organization","name":"Zalla Bai","url":"https:\/\/www.zallabai.net\/","logo":{"@type":"ImageObject","inLanguage":"eu","@id":"https:\/\/www.zallabai.net\/#\/schema\/logo\/image\/","url":"https:\/\/www.zallabai.net\/wp-content\/uploads\/2019\/02\/cropped-logo-blog2-1-1.png","contentUrl":"https:\/\/www.zallabai.net\/wp-content\/uploads\/2019\/02\/cropped-logo-blog2-1-1.png","width":200,"height":56,"caption":"Zalla Bai"},"image":{"@id":"https:\/\/www.zallabai.net\/#\/schema\/logo\/image\/"},"sameAs":["https:\/\/www.facebook.com\/zalla.bai","https:\/\/x.com\/zallabai","https:\/\/www.instagram.com\/zallabai\/","https:\/\/www.youtube.com\/channel\/UCuil7llKvOhvalYaJ1A_w7w"]}]}},"_links":{"self":[{"href":"https:\/\/www.zallabai.net\/eu_eu\/wp-json\/wp\/v2\/pages\/1982"}],"collection":[{"href":"https:\/\/www.zallabai.net\/eu_eu\/wp-json\/wp\/v2\/pages"}],"about":[{"href":"https:\/\/www.zallabai.net\/eu_eu\/wp-json\/wp\/v2\/types\/page"}],"author":[{"embeddable":true,"href":"https:\/\/www.zallabai.net\/eu_eu\/wp-json\/wp\/v2\/users\/1"}],"replies":[{"embeddable":true,"href":"https:\/\/www.zallabai.net\/eu_eu\/wp-json\/wp\/v2\/comments?post=1982"}],"version-history":[{"count":11,"href":"https:\/\/www.zallabai.net\/eu_eu\/wp-json\/wp\/v2\/pages\/1982\/revisions"}],"predecessor-version":[{"id":2551,"href":"https:\/\/www.zallabai.net\/eu_eu\/wp-json\/wp\/v2\/pages\/1982\/revisions\/2551"}],"up":[{"embeddable":true,"href":"https:\/\/www.zallabai.net\/eu_eu\/wp-json\/wp\/v2\/pages\/1912"}],"wp:attachment":[{"href":"https:\/\/www.zallabai.net\/eu_eu\/wp-json\/wp\/v2\/media?parent=1982"}],"curies":[{"name":"wp","href":"https:\/\/api.w.org\/{rel}","templated":true}]}}