{"id":967,"date":"2019-02-22T17:07:04","date_gmt":"2019-02-22T16:07:04","guid":{"rendered":"http:\/\/zallabai.net\/?page_id=967"},"modified":"2019-08-05T11:02:19","modified_gmt":"2019-08-05T09:02:19","slug":"contactar","status":"publish","type":"page","link":"https:\/\/www.zallabai.net\/eu_eu\/contactar\/","title":{"rendered":"Kontaktatu"},"content":{"rendered":"<h1 style=\"text-align: center;\"><span style=\"font-size: 36pt;\">Contactar<\/span><\/h1>\n\n\n<div style=\"height:37px\" aria-hidden=\"true\" class=\"wp-block-spacer\"><\/div>\n\n\n<div id=\"pl-gb967-6a0468403b0e0\"  class=\"panel-layout\" ><div id=\"pg-gb967-6a0468403b0e0-0\"  class=\"panel-grid panel-no-style\" ><div id=\"pgc-gb967-6a0468403b0e0-0-0\"  class=\"panel-grid-cell\" ><div id=\"panel-gb967-6a0468403b0e0-0-0-0\" class=\"so-panel widget widget_themegrill_flash_service tg-widget tg-single-service panel-first-child\" data-index=\"0\" >\n<div class=\"tg-service-widget tg-service-layout-2\">\n\t<div class=\"service-wrapper\">\n\t\t<div class=\"service-icon-title-wrapper clearfix\">\n\t\t\t\t\t\t<div class=\"service-icon-wrap\"><i class=\"fa fa-comments\"><\/i><\/div>\n\t\t\t\t\t\t\t\t\t\t\t<\/div>\n\t\t\t\t\t<\/div>\n<\/div>\n<\/div><div id=\"panel-gb967-6a0468403b0e0-0-0-1\" class=\"so-panel widget widget_sow-editor\" data-index=\"1\" ><div\n\t\t\t\n\t\t\tclass=\"so-widget-sow-editor so-widget-sow-editor-base\"\n\t\t\t\n\t\t>\n<div class=\"siteorigin-widget-tinymce textwidget\">\n\t<h4 style=\"text-align: center;\"><span style=\"font-size: 18pt;\">\u00bfQuieres participar en Zalla Bai y unirte a nosotros?<\/span><\/h4>\n<h4 style=\"text-align: center;\"><span style=\"font-size: 18pt;\">\u00bfQuieres trasladarnos alguna inquietud, duda o propuesta?<\/span><\/h4>\n<p>&nbsp;<\/p>\n<\/div>\n<\/div><\/div><div id=\"panel-gb967-6a0468403b0e0-0-0-2\" class=\"so-panel widget widget_sow-editor\" data-index=\"2\" ><div\n\t\t\t\n\t\t\tclass=\"so-widget-sow-editor so-widget-sow-editor-base\"\n\t\t\t\n\t\t>\n<div class=\"siteorigin-widget-tinymce textwidget\">\n\t<h5 style=\"text-align: center;\"><span style=\"font-size: 18pt;\">\u00a0Env\u00eda un email a la siguiente direcci\u00f3n de correo electr\u00f3nico:<\/span><\/h5>\n<h5 style=\"text-align: center;\"><span style=\"font-size: 18pt;\"><a href=\"mailto:zallabai@zallabai.net\">zallabai@zallabai.net<\/a><\/span><\/h5>\n<\/div>\n<\/div><\/div><div id=\"panel-gb967-6a0468403b0e0-0-0-3\" class=\"so-panel widget widget_sow-editor\" data-index=\"3\" ><div\n\t\t\t\n\t\t\tclass=\"so-widget-sow-editor so-widget-sow-editor-base\"\n\t\t\t\n\t\t>\n<div class=\"siteorigin-widget-tinymce textwidget\">\n\t<p style=\"text-align: center;\"><span style=\"font-size: 18pt;\">O rellena el siguiente formulario:<\/span><\/p>\n<\/div>\n<\/div><\/div><div id=\"panel-gb967-6a0468403b0e0-0-0-4\" class=\"so-panel widget widget_wpforms-widget wpforms-widget\" data-index=\"4\" ><div class=\"wpforms-container wpforms-container-full\" id=\"wpforms-1142\"><form id=\"wpforms-form-1142\" class=\"wpforms-validate wpforms-form\" data-formid=\"1142\" method=\"post\" enctype=\"multipart\/form-data\" action=\"\/eu_eu\/wp-json\/wp\/v2\/pages\/967\" data-token=\"8b1699b0700465d77aa8a6daf59f6d9a\" data-token-time=\"1778673728\"><div class=\"wpforms-head-container\"><div class=\"wpforms-title\">Contacto<\/div><\/div><noscript class=\"wpforms-error-noscript\">Please enable JavaScript in your browser to complete this form.<\/noscript><div class=\"wpforms-field-container\"><div id=\"wpforms-1142-field_0-container\" class=\"wpforms-field wpforms-field-name\" data-field-id=\"0\"><label class=\"wpforms-field-label\" for=\"wpforms-1142-field_0\">Nombre<\/label><input type=\"text\" id=\"wpforms-1142-field_0\" class=\"wpforms-field-medium\" name=\"wpforms[fields][0]\" ><div class=\"wpforms-field-description\">Si deseas recibir respuesta<\/div><\/div><div id=\"wpforms-1142-field_1-container\" class=\"wpforms-field wpforms-field-email\" data-field-id=\"1\"><label class=\"wpforms-field-label\" for=\"wpforms-1142-field_1\">Correo electr\u00f3nico<\/label><input type=\"email\" id=\"wpforms-1142-field_1\" class=\"wpforms-field-medium\" name=\"wpforms[fields][1]\" spellcheck=\"false\" ><div class=\"wpforms-field-description\">Si deseas recibir respuesta<\/div><\/div><div id=\"wpforms-1142-field_2-container\" class=\"wpforms-field wpforms-field-textarea\" data-field-id=\"2\"><label class=\"wpforms-field-label\" for=\"wpforms-1142-field_2\">Mensaje <span class=\"wpforms-required-label\">*<\/span><\/label><textarea id=\"wpforms-1142-field_2\" class=\"wpforms-field-medium wpforms-field-required\" name=\"wpforms[fields][2]\" required><\/textarea><\/div><\/div><!-- .wpforms-field-container --><div class=\"wpforms-field wpforms-field-hp\"><label for=\"wpforms-1142-field-hp\" class=\"wpforms-field-label\">Comment<\/label><input type=\"text\" name=\"wpforms[hp]\" id=\"wpforms-1142-field-hp\" class=\"wpforms-field-medium\"><\/div><div class=\"wpforms-recaptcha-container wpforms-is-recaptcha wpforms-is-recaptcha-type-v3\" ><input type=\"hidden\" name=\"wpforms[recaptcha]\" value=\"\"><\/div><div class=\"wpforms-submit-container\" ><input type=\"hidden\" name=\"wpforms[id]\" value=\"1142\"><input type=\"hidden\" name=\"page_title\" value=\"\"><input type=\"hidden\" name=\"page_url\" value=\"https:\/\/www.zallabai.net\/eu_eu\/wp-json\/wp\/v2\/pages\/967\"><input type=\"hidden\" name=\"url_referer\" value=\"\"><button type=\"submit\" name=\"wpforms[submit]\" id=\"wpforms-submit-1142\" class=\"wpforms-submit\" data-alt-text=\"Enviando...\" data-submit-text=\"Enviar\" aria-live=\"assertive\" value=\"wpforms-submit\">Enviar<\/button><\/div><\/form><\/div>  <!-- .wpforms-container --><\/div><div id=\"panel-gb967-6a0468403b0e0-0-0-5\" class=\"so-panel widget widget_sow-editor panel-last-child\" data-index=\"5\" ><div\n\t\t\t\n\t\t\tclass=\"so-widget-sow-editor so-widget-sow-editor-base\"\n\t\t\t\n\t\t>\n<div class=\"siteorigin-widget-tinymce textwidget\">\n\t<p><img loading=\"lazy\" decoding=\"async\" class=\"alignnone  wp-image-605 aligncenter\" src=\"https:\/\/www.zallabai.net\/wp-content\/uploads\/2019\/02\/Preferente-positivo@2x-300x208.png\" alt=\"\" width=\"212\" height=\"147\" srcset=\"https:\/\/www.zallabai.net\/wp-content\/uploads\/2019\/02\/Preferente-positivo@2x-300x208.png 300w, https:\/\/www.zallabai.net\/wp-content\/uploads\/2019\/02\/Preferente-positivo@2x.png 759w\" sizes=\"(max-width: 212px) 100vw, 212px\" \/><\/p>\n<\/div>\n<\/div><\/div><\/div><div id=\"pgc-gb967-6a0468403b0e0-0-1\"  class=\"panel-grid-cell\" ><div id=\"panel-gb967-6a0468403b0e0-0-1-0\" class=\"so-panel widget widget_sow-editor panel-first-child\" data-index=\"6\" ><div\n\t\t\t\n\t\t\tclass=\"so-widget-sow-editor so-widget-sow-editor-base\"\n\t\t\t\n\t\t>\n<div class=\"siteorigin-widget-tinymce textwidget\">\n\t<div class=\"fb-page\" data-href=\"https:\/\/www.facebook.com\/zalla.bai\/\" data-tabs=\"timeline\" data-width=\"\" data-height=\"\" data-small-header=\"false\" data-adapt-container-width=\"true\" data-hide-cover=\"false\" data-show-facepile=\"true\">\n<blockquote cite=\"https:\/\/www.facebook.com\/zalla.bai\/\" class=\"fb-xfbml-parse-ignore\"><p><a href=\"https:\/\/www.facebook.com\/zalla.bai\/\">Zalla Bai<\/a><\/p><\/blockquote>\n<\/div>\n<\/div>\n<\/div><\/div><div id=\"panel-gb967-6a0468403b0e0-0-1-1\" class=\"so-panel widget widget_sow-editor panel-last-child\" data-index=\"7\" ><div\n\t\t\t\n\t\t\tclass=\"so-widget-sow-editor so-widget-sow-editor-base\"\n\t\t\t\n\t\t>\n<div class=\"siteorigin-widget-tinymce textwidget\">\n\t<p><a class=\"twitter-timeline\" data-lang=\"es\" data-height=\"600\" href=\"https:\/\/twitter.com\/zallabai?ref_src=twsrc%5Etfw\">Tweets by zallabai<\/a> <script async src=\"https:\/\/platform.twitter.com\/widgets.js\" charset=\"utf-8\"><\/script><\/p>\n<\/div>\n<\/div><\/div><\/div><\/div><\/div>\n\n\n<p><\/p>\n","protected":false},"excerpt":{"rendered":"<p>Kontaktatu<\/p>","protected":false},"author":1,"featured_media":0,"parent":0,"menu_order":0,"comment_status":"closed","ping_status":"closed","template":"","meta":{"_exactmetrics_skip_tracking":false,"_exactmetrics_sitenote_active":false,"_exactmetrics_sitenote_note":"","_exactmetrics_sitenote_category":0,"footnotes":""},"yoast_head":"<!-- This site is optimized with the Yoast SEO plugin v24.5 - https:\/\/yoast.com\/wordpress\/plugins\/seo\/ -->\n<title>Zalla Bai - Contactar<\/title>\n<meta name=\"robots\" content=\"index, follow, max-snippet:-1, max-image-preview:large, max-video-preview:-1\" \/>\n<link rel=\"canonical\" href=\"https:\/\/www.zallabai.net\/eu_eu\/contactar\/\" \/>\n<meta property=\"og:locale\" content=\"en_US\" \/>\n<meta property=\"og:type\" content=\"article\" \/>\n<meta property=\"og:title\" content=\"Zalla Bai - Contactar\" \/>\n<meta property=\"og:description\" content=\"Contactar\" \/>\n<meta property=\"og:url\" content=\"https:\/\/www.zallabai.net\/eu_eu\/contactar\/\" \/>\n<meta property=\"og:site_name\" content=\"Zalla Bai\" \/>\n<meta property=\"article:publisher\" content=\"https:\/\/www.facebook.com\/zalla.bai\" \/>\n<meta property=\"article:modified_time\" content=\"2019-08-05T09:02:19+00:00\" \/>\n<meta name=\"twitter:card\" content=\"summary_large_image\" \/>\n<meta name=\"twitter:site\" content=\"@zallabai\" \/>\n<script type=\"application\/ld+json\" class=\"yoast-schema-graph\">{\"@context\":\"https:\/\/schema.org\",\"@graph\":[{\"@type\":\"WebPage\",\"@id\":\"https:\/\/www.zallabai.net\/contactar\/\",\"url\":\"https:\/\/www.zallabai.net\/contactar\/\",\"name\":\"Zalla Bai - Contactar\",\"isPartOf\":{\"@id\":\"https:\/\/www.zallabai.net\/#website\"},\"datePublished\":\"2019-02-22T16:07:04+00:00\",\"dateModified\":\"2019-08-05T09:02:19+00:00\",\"breadcrumb\":{\"@id\":\"https:\/\/www.zallabai.net\/contactar\/#breadcrumb\"},\"inLanguage\":\"eu\",\"potentialAction\":[{\"@type\":\"ReadAction\",\"target\":[\"https:\/\/www.zallabai.net\/contactar\/\"]}]},{\"@type\":\"BreadcrumbList\",\"@id\":\"https:\/\/www.zallabai.net\/contactar\/#breadcrumb\",\"itemListElement\":[{\"@type\":\"ListItem\",\"position\":1,\"name\":\"Portada\",\"item\":\"https:\/\/www.zallabai.net\/\"},{\"@type\":\"ListItem\",\"position\":2,\"name\":\"Contactar\"}]},{\"@type\":\"WebSite\",\"@id\":\"https:\/\/www.zallabai.net\/#website\",\"url\":\"https:\/\/www.zallabai.net\/\",\"name\":\"Zalla Bai\",\"description\":\"\",\"publisher\":{\"@id\":\"https:\/\/www.zallabai.net\/#organization\"},\"potentialAction\":[{\"@type\":\"SearchAction\",\"target\":{\"@type\":\"EntryPoint\",\"urlTemplate\":\"https:\/\/www.zallabai.net\/?s={search_term_string}\"},\"query-input\":{\"@type\":\"PropertyValueSpecification\",\"valueRequired\":true,\"valueName\":\"search_term_string\"}}],\"inLanguage\":\"eu\"},{\"@type\":\"Organization\",\"@id\":\"https:\/\/www.zallabai.net\/#organization\",\"name\":\"Zalla Bai\",\"url\":\"https:\/\/www.zallabai.net\/\",\"logo\":{\"@type\":\"ImageObject\",\"inLanguage\":\"eu\",\"@id\":\"https:\/\/www.zallabai.net\/#\/schema\/logo\/image\/\",\"url\":\"https:\/\/www.zallabai.net\/wp-content\/uploads\/2019\/02\/cropped-logo-blog2-1-1.png\",\"contentUrl\":\"https:\/\/www.zallabai.net\/wp-content\/uploads\/2019\/02\/cropped-logo-blog2-1-1.png\",\"width\":200,\"height\":56,\"caption\":\"Zalla Bai\"},\"image\":{\"@id\":\"https:\/\/www.zallabai.net\/#\/schema\/logo\/image\/\"},\"sameAs\":[\"https:\/\/www.facebook.com\/zalla.bai\",\"https:\/\/x.com\/zallabai\",\"https:\/\/www.instagram.com\/zallabai\/\",\"https:\/\/www.youtube.com\/channel\/UCuil7llKvOhvalYaJ1A_w7w\"]}]}<\/script>\n<!-- \/ Yoast SEO plugin. -->","yoast_head_json":{"title":"Zalla Bai - Contactar","robots":{"index":"index","follow":"follow","max-snippet":"max-snippet:-1","max-image-preview":"max-image-preview:large","max-video-preview":"max-video-preview:-1"},"canonical":"https:\/\/www.zallabai.net\/eu_eu\/contactar\/","og_locale":"en_US","og_type":"article","og_title":"Zalla Bai - Contactar","og_description":"Contactar","og_url":"https:\/\/www.zallabai.net\/eu_eu\/contactar\/","og_site_name":"Zalla Bai","article_publisher":"https:\/\/www.facebook.com\/zalla.bai","article_modified_time":"2019-08-05T09:02:19+00:00","twitter_card":"summary_large_image","twitter_site":"@zallabai","schema":{"@context":"https:\/\/schema.org","@graph":[{"@type":"WebPage","@id":"https:\/\/www.zallabai.net\/contactar\/","url":"https:\/\/www.zallabai.net\/contactar\/","name":"Zalla Bai - Contactar","isPartOf":{"@id":"https:\/\/www.zallabai.net\/#website"},"datePublished":"2019-02-22T16:07:04+00:00","dateModified":"2019-08-05T09:02:19+00:00","breadcrumb":{"@id":"https:\/\/www.zallabai.net\/contactar\/#breadcrumb"},"inLanguage":"eu","potentialAction":[{"@type":"ReadAction","target":["https:\/\/www.zallabai.net\/contactar\/"]}]},{"@type":"BreadcrumbList","@id":"https:\/\/www.zallabai.net\/contactar\/#breadcrumb","itemListElement":[{"@type":"ListItem","position":1,"name":"Portada","item":"https:\/\/www.zallabai.net\/"},{"@type":"ListItem","position":2,"name":"Contactar"}]},{"@type":"WebSite","@id":"https:\/\/www.zallabai.net\/#website","url":"https:\/\/www.zallabai.net\/","name":"Zalla Bai","description":"","publisher":{"@id":"https:\/\/www.zallabai.net\/#organization"},"potentialAction":[{"@type":"SearchAction","target":{"@type":"EntryPoint","urlTemplate":"https:\/\/www.zallabai.net\/?s={search_term_string}"},"query-input":{"@type":"PropertyValueSpecification","valueRequired":true,"valueName":"search_term_string"}}],"inLanguage":"eu"},{"@type":"Organization","@id":"https:\/\/www.zallabai.net\/#organization","name":"Zalla Bai","url":"https:\/\/www.zallabai.net\/","logo":{"@type":"ImageObject","inLanguage":"eu","@id":"https:\/\/www.zallabai.net\/#\/schema\/logo\/image\/","url":"https:\/\/www.zallabai.net\/wp-content\/uploads\/2019\/02\/cropped-logo-blog2-1-1.png","contentUrl":"https:\/\/www.zallabai.net\/wp-content\/uploads\/2019\/02\/cropped-logo-blog2-1-1.png","width":200,"height":56,"caption":"Zalla Bai"},"image":{"@id":"https:\/\/www.zallabai.net\/#\/schema\/logo\/image\/"},"sameAs":["https:\/\/www.facebook.com\/zalla.bai","https:\/\/x.com\/zallabai","https:\/\/www.instagram.com\/zallabai\/","https:\/\/www.youtube.com\/channel\/UCuil7llKvOhvalYaJ1A_w7w"]}]}},"_links":{"self":[{"href":"https:\/\/www.zallabai.net\/eu_eu\/wp-json\/wp\/v2\/pages\/967"}],"collection":[{"href":"https:\/\/www.zallabai.net\/eu_eu\/wp-json\/wp\/v2\/pages"}],"about":[{"href":"https:\/\/www.zallabai.net\/eu_eu\/wp-json\/wp\/v2\/types\/page"}],"author":[{"embeddable":true,"href":"https:\/\/www.zallabai.net\/eu_eu\/wp-json\/wp\/v2\/users\/1"}],"replies":[{"embeddable":true,"href":"https:\/\/www.zallabai.net\/eu_eu\/wp-json\/wp\/v2\/comments?post=967"}],"version-history":[{"count":60,"href":"https:\/\/www.zallabai.net\/eu_eu\/wp-json\/wp\/v2\/pages\/967\/revisions"}],"predecessor-version":[{"id":1904,"href":"https:\/\/www.zallabai.net\/eu_eu\/wp-json\/wp\/v2\/pages\/967\/revisions\/1904"}],"wp:attachment":[{"href":"https:\/\/www.zallabai.net\/eu_eu\/wp-json\/wp\/v2\/media?parent=967"}],"curies":[{"name":"wp","href":"https:\/\/api.w.org\/{rel}","templated":true}]}}